{"id":127,"date":"2023-05-11T13:15:47","date_gmt":"2023-05-11T13:15:47","guid":{"rendered":"https:\/\/ccmmm.cl\/centroculturalmanuelmagallanesmoure\/?page_id=127"},"modified":"2023-05-11T13:20:50","modified_gmt":"2023-05-11T13:20:50","slug":"noticias","status":"publish","type":"page","link":"https:\/\/ccmmm.cl\/centroculturalmanuelmagallanesmoure\/noticias\/","title":{"rendered":"NOTICIAS"},"content":{"rendered":"\n<p><strong>\u00a1Bienvenidos a la secci\u00f3n de noticias del Centro Cultural y Social Manuel Magallanes Moure!<\/strong><\/p>\n\n\n\n<p>Aqu\u00ed encontrar\u00e1s las \u00faltimas novedades y acontecimientos relacionados con nuestras actividades y eventos culturales. Nos enorgullece ser un punto de encuentro para la comunidad, donde se promueve el intercambio cultural.<\/p>\n\n\n\n<h2 class=\"wp-block-heading has-text-align-center has-large-font-size\">\u00daltimos Art\u00edculos<\/h2>\n\n\n<ul class=\"wp-block-latest-posts__list is-grid columns-3 wp-block-latest-posts\"><li><div class=\"wp-block-latest-posts__featured-image\"><img decoding=\"async\" width=\"150\" height=\"150\" src=\"https:\/\/ccmmm.cl\/centroculturalmanuelmagallanesmoure\/wp-content\/uploads\/2025\/06\/hijos-150x150.webp\" class=\"attachment-thumbnail size-thumbnail wp-post-image\" alt=\"\" style=\"\" \/><\/div><a class=\"wp-block-latest-posts__post-title\" href=\"https:\/\/ccmmm.cl\/centroculturalmanuelmagallanesmoure\/lanzamiento-postumo-libro-julio-hernandez\/\">Lanzamiento P\u00f3stumo  libro Julio Hern\u00e1ndez<\/a><\/li>\n<li><div class=\"wp-block-latest-posts__featured-image\"><img decoding=\"async\" width=\"150\" height=\"150\" src=\"https:\/\/ccmmm.cl\/centroculturalmanuelmagallanesmoure\/wp-content\/uploads\/2023\/05\/Dia-de-las-Madres-150x150.png\" class=\"attachment-thumbnail size-thumbnail wp-post-image\" alt=\"\" style=\"\" \/><\/div><a class=\"wp-block-latest-posts__post-title\" href=\"https:\/\/ccmmm.cl\/centroculturalmanuelmagallanesmoure\/en-honor-a-las-madres-un-saludo-fraterno-y-lleno-de-gratitud\/\">En honor a las madres: Un saludo fraterno y lleno de gratitud<\/a><\/li>\n<\/ul>","protected":false},"excerpt":{"rendered":"<p>\u00a1Bienvenidos a la secci\u00f3n de noticias del Centro Cultural y Social Manuel Magallanes Moure! Aqu\u00ed encontrar\u00e1s las \u00faltimas novedades y acontecimientos relacionados con nuestras actividades y eventos culturales. Nos enorgullece ser un punto de encuentro para la comunidad, donde se &hellip; <a href=\"https:\/\/ccmmm.cl\/centroculturalmanuelmagallanesmoure\/noticias\/\">Sigue leyendo <span class=\"meta-nav\">&rarr;<\/span><\/a><\/p>\n","protected":false},"author":3,"featured_media":0,"parent":0,"menu_order":0,"comment_status":"closed","ping_status":"closed","template":"","meta":{"footnotes":""},"class_list":["post-127","page","type-page","status-publish","hentry"],"_links":{"self":[{"href":"https:\/\/ccmmm.cl\/centroculturalmanuelmagallanesmoure\/wp-json\/wp\/v2\/pages\/127","targetHints":{"allow":["GET"]}}],"collection":[{"href":"https:\/\/ccmmm.cl\/centroculturalmanuelmagallanesmoure\/wp-json\/wp\/v2\/pages"}],"about":[{"href":"https:\/\/ccmmm.cl\/centroculturalmanuelmagallanesmoure\/wp-json\/wp\/v2\/types\/page"}],"author":[{"embeddable":true,"href":"https:\/\/ccmmm.cl\/centroculturalmanuelmagallanesmoure\/wp-json\/wp\/v2\/users\/3"}],"replies":[{"embeddable":true,"href":"https:\/\/ccmmm.cl\/centroculturalmanuelmagallanesmoure\/wp-json\/wp\/v2\/comments?post=127"}],"version-history":[{"count":2,"href":"https:\/\/ccmmm.cl\/centroculturalmanuelmagallanesmoure\/wp-json\/wp\/v2\/pages\/127\/revisions"}],"predecessor-version":[{"id":132,"href":"https:\/\/ccmmm.cl\/centroculturalmanuelmagallanesmoure\/wp-json\/wp\/v2\/pages\/127\/revisions\/132"}],"wp:attachment":[{"href":"https:\/\/ccmmm.cl\/centroculturalmanuelmagallanesmoure\/wp-json\/wp\/v2\/media?parent=127"}],"curies":[{"name":"wp","href":"https:\/\/api.w.org\/{rel}","templated":true}]}}