{"id":148,"date":"2024-01-11T12:11:53","date_gmt":"2024-01-11T12:11:53","guid":{"rendered":"https:\/\/ccmmm.cl\/centroculturalmanuelmagallanesmoure\/?page_id=148"},"modified":"2024-01-11T12:44:54","modified_gmt":"2024-01-11T12:44:54","slug":"biografia-manuel-magallanes-moure","status":"publish","type":"page","link":"https:\/\/ccmmm.cl\/centroculturalmanuelmagallanesmoure\/biografia-manuel-magallanes-moure\/","title":{"rendered":"Biograf\u00eda Manuel Magallanes Moure"},"content":{"rendered":"\t\t<div data-elementor-type=\"wp-page\" data-elementor-id=\"148\" class=\"elementor elementor-148\">\n\t\t\t\t\t\t<section class=\"elementor-section elementor-top-section elementor-element elementor-element-375b869 elementor-section-boxed elementor-section-height-default elementor-section-height-default\" data-id=\"375b869\" data-element_type=\"section\" data-e-type=\"section\">\n\t\t\t\t\t\t<div class=\"elementor-container elementor-column-gap-default\">\n\t\t\t\t\t<div class=\"elementor-column elementor-col-100 elementor-top-column elementor-element elementor-element-c2e0c2d\" data-id=\"c2e0c2d\" data-element_type=\"column\" data-e-type=\"column\">\n\t\t\t<div class=\"elementor-widget-wrap elementor-element-populated\">\n\t\t\t\t\t\t<section class=\"elementor-section elementor-inner-section elementor-element elementor-element-bc205e5 elementor-section-boxed elementor-section-height-default elementor-section-height-default\" data-id=\"bc205e5\" data-element_type=\"section\" data-e-type=\"section\">\n\t\t\t\t\t\t<div class=\"elementor-container elementor-column-gap-default\">\n\t\t\t\t\t<div class=\"elementor-column elementor-col-50 elementor-inner-column elementor-element elementor-element-0e9a57c\" data-id=\"0e9a57c\" data-element_type=\"column\" data-e-type=\"column\">\n\t\t\t<div class=\"elementor-widget-wrap elementor-element-populated\">\n\t\t\t\t\t\t<div class=\"elementor-element elementor-element-7bfb8c7 elementor-widget elementor-widget-text-editor\" data-id=\"7bfb8c7\" data-element_type=\"widget\" data-e-type=\"widget\" data-widget_type=\"text-editor.default\">\n\t\t\t\t<div class=\"elementor-widget-container\">\n\t\t\t\t\t\t\t\t\t<p>Nace Manuel en la ciudad de la serena el 8 de noviembre de 1878.<\/p><p>Es el menor de los hijos de don Valent\u00edn Magallanes y de do\u00f1a Elena Moure.<\/p><p>Recibe el nombre de Manuel Severo y hasta los siete a\u00f1os vive en la casa solariega de sus padres, en la calle O \u0301Higgins. La casa, de dos pisos, destaca por su sobria y elegante arquitectura.<\/p>\t\t\t\t\t\t\t\t<\/div>\n\t\t\t\t<\/div>\n\t\t\t\t\t<\/div>\n\t\t<\/div>\n\t\t\t\t<div class=\"elementor-column elementor-col-50 elementor-inner-column elementor-element elementor-element-cc7cab0\" data-id=\"cc7cab0\" data-element_type=\"column\" data-e-type=\"column\">\n\t\t\t<div class=\"elementor-widget-wrap elementor-element-populated\">\n\t\t\t\t\t\t<div class=\"elementor-element elementor-element-9153211 elementor-widget elementor-widget-image\" data-id=\"9153211\" data-element_type=\"widget\" data-e-type=\"widget\" data-widget_type=\"image.default\">\n\t\t\t\t<div class=\"elementor-widget-container\">\n\t\t\t\t\t\t\t\t\t\t\t\t\t\t\t<img fetchpriority=\"high\" decoding=\"async\" width=\"584\" height=\"584\" src=\"https:\/\/ccmmm.cl\/centroculturalmanuelmagallanesmoure\/wp-content\/uploads\/2024\/01\/Manuel-Magallanes-Moure-1024x1024.jpg\" class=\"attachment-large size-large wp-image-160\" alt=\"Manuel Magallanes Moure\" srcset=\"https:\/\/ccmmm.cl\/centroculturalmanuelmagallanesmoure\/wp-content\/uploads\/2024\/01\/Manuel-Magallanes-Moure-1024x1024.jpg 1024w, https:\/\/ccmmm.cl\/centroculturalmanuelmagallanesmoure\/wp-content\/uploads\/2024\/01\/Manuel-Magallanes-Moure-300x300.jpg 300w, https:\/\/ccmmm.cl\/centroculturalmanuelmagallanesmoure\/wp-content\/uploads\/2024\/01\/Manuel-Magallanes-Moure-150x150.jpg 150w, https:\/\/ccmmm.cl\/centroculturalmanuelmagallanesmoure\/wp-content\/uploads\/2024\/01\/Manuel-Magallanes-Moure-768x768.jpg 768w, https:\/\/ccmmm.cl\/centroculturalmanuelmagallanesmoure\/wp-content\/uploads\/2024\/01\/Manuel-Magallanes-Moure.jpg 1080w\" sizes=\"(max-width: 584px) 100vw, 584px\" \/>\t\t\t\t\t\t\t\t\t\t\t\t\t\t\t<\/div>\n\t\t\t\t<\/div>\n\t\t\t\t\t<\/div>\n\t\t<\/div>\n\t\t\t\t\t<\/div>\n\t\t<\/section>\n\t\t\t\t\t<\/div>\n\t\t<\/div>\n\t\t\t\t\t<\/div>\n\t\t<\/section>\n\t\t\t\t<section class=\"elementor-section elementor-top-section elementor-element elementor-element-a854817 elementor-section-boxed elementor-section-height-default elementor-section-height-default\" data-id=\"a854817\" data-element_type=\"section\" data-e-type=\"section\">\n\t\t\t\t\t\t<div class=\"elementor-container elementor-column-gap-default\">\n\t\t\t\t\t<div class=\"elementor-column elementor-col-100 elementor-top-column elementor-element elementor-element-3f63a9f\" data-id=\"3f63a9f\" data-element_type=\"column\" data-e-type=\"column\">\n\t\t\t<div class=\"elementor-widget-wrap elementor-element-populated\">\n\t\t\t\t\t\t<div class=\"elementor-element elementor-element-d069e3e elementor-widget elementor-widget-text-editor\" data-id=\"d069e3e\" data-element_type=\"widget\" data-e-type=\"widget\" data-widget_type=\"text-editor.default\">\n\t\t\t\t<div class=\"elementor-widget-container\">\n\t\t\t\t\t\t\t\t\t<p>La infancia de Manuel no es muy conocida. Su padre, quiz\u00e1 su primera influencia po\u00e9tica, fallece cuando ten\u00eda cuatro a\u00f1os y al llegar a los diecinueve fallece su madre por la que ten\u00eda un amor filial.<\/p><p>Por ella escribir\u00eda:<\/p>\t\t\t\t\t\t\t\t<\/div>\n\t\t\t\t<\/div>\n\t\t\t\t\t<\/div>\n\t\t<\/div>\n\t\t\t\t\t<\/div>\n\t\t<\/section>\n\t\t\t\t<section class=\"elementor-section elementor-top-section elementor-element elementor-element-e048cf4 elementor-section-boxed elementor-section-height-default elementor-section-height-default\" data-id=\"e048cf4\" data-element_type=\"section\" data-e-type=\"section\">\n\t\t\t\t\t\t<div class=\"elementor-container elementor-column-gap-default\">\n\t\t\t\t\t<div class=\"elementor-column elementor-col-100 elementor-top-column elementor-element elementor-element-376e6e8\" data-id=\"376e6e8\" data-element_type=\"column\" data-e-type=\"column\">\n\t\t\t<div class=\"elementor-widget-wrap elementor-element-populated\">\n\t\t\t\t\t\t<div class=\"elementor-element elementor-element-1df35b3 elementor-widget elementor-widget-text-editor\" data-id=\"1df35b3\" data-element_type=\"widget\" data-e-type=\"widget\" data-widget_type=\"text-editor.default\">\n\t\t\t\t<div class=\"elementor-widget-container\">\n\t\t\t\t\t\t\t\t\t<p style=\"text-align: center;\">ME SIENTO COMO UN NI\u00d1O EXTRAVIADO EN LA FIESTA.<\/p><p style=\"text-align: center;\">\u00bfDONDE ESTAS, MADRE MIA?,NO ERES ESA NI ESTA.<\/p><p style=\"text-align: center;\">NI AQUELLA\u2026MADRE MIA.<\/p><p style=\"text-align: center;\">\u00bfCOMO ENCONTRARTE SI IGNORO CUAL ERES?<\/p><p style=\"text-align: center;\">TE HE BUSCADO Y AL NO ENCONTRARTE LLORO.<\/p>\t\t\t\t\t\t\t\t<\/div>\n\t\t\t\t<\/div>\n\t\t\t\t\t<\/div>\n\t\t<\/div>\n\t\t\t\t\t<\/div>\n\t\t<\/section>\n\t\t\t\t<section class=\"elementor-section elementor-top-section elementor-element elementor-element-94db08d elementor-section-boxed elementor-section-height-default elementor-section-height-default\" data-id=\"94db08d\" data-element_type=\"section\" data-e-type=\"section\">\n\t\t\t\t\t\t<div class=\"elementor-container elementor-column-gap-default\">\n\t\t\t\t\t<div class=\"elementor-column elementor-col-100 elementor-top-column elementor-element elementor-element-7b8dbdb\" data-id=\"7b8dbdb\" data-element_type=\"column\" data-e-type=\"column\">\n\t\t\t<div class=\"elementor-widget-wrap elementor-element-populated\">\n\t\t\t\t\t\t<div class=\"elementor-element elementor-element-3424627 elementor-widget elementor-widget-text-editor\" data-id=\"3424627\" data-element_type=\"widget\" data-e-type=\"widget\" data-widget_type=\"text-editor.default\">\n\t\t\t\t<div class=\"elementor-widget-container\">\n\t\t\t\t\t\t\t\t\t<p>A fines del siglo IXX y por causas a\u00fan desconocidas, se traslada con sus hermanos mayores, Carlota y Valent\u00edn a Santiago, e ingresa a estudiar a las aulas del Instituto<\/p><p>Nacional. Aun no descubre sus aptitudes po\u00e9ticas. Tras abandonar sus estudios, se incorpora a la Escuela de Bellas Artes. Bajo el nombre de Severo, incursiona como cr\u00edtico de arte y colabora en la antigua \u201cPluma y L\u00e1piz\u201d; en \u201cInstant\u00e1neas\u201d y en \u201cLa Libertad Electoral\u201d entre otras.<\/p><p>Sus primeros pasos en la poes\u00eda son inspirados por su gran amor de adolescencia, su prima Amalia Vila Magallanes.<\/p><p>Amalia no era quiz\u00e1 ni muy hermosa ni muy joven, pero su rostro ovalado y ligeramente moreno era simp\u00e1tico, vivaz y acogedor.<\/p><p>Cuando Amalia era una joven que ya asist\u00eda a los bailes de la \u00e9poca, su primo no pasaba de ser un chicuelo de pantalones cortos. Pero ya entonces amaba a su prima.<\/p><p>Manuel continu\u00f3 amando a Amalia durante su adolescencia y a\u00f1os mozos, hasta que logr\u00f3 desposarse con ella en septiembre de 1903, despu\u00e9s de largo y contrariado asedio sentimental, estableciendo su hogar en la Ciudad de San Bernardo.<\/p><p>El matrimonio tuvo dos hijas Amalia falleci\u00f3 a los ocho a\u00f1os y Mireya.<\/p><p>El hogar de los Magallanes, escribir\u00eda Fernando Santiv\u00e1n, era, en realidad blando, tibio y se\u00f1orial\u2026 . La casa misma, con su \u00fanico piso y sus techos bajos, sus amplias salas y extensos corredores protegidos por cristales, sus gruesas murallas exteriores con ventanas enrejadas, se prestaba para rememorar los solares de la Patria Vieja.<\/p><p>De la persona de Magallanes se dice que era un hombre de gran atractivo. Alto, delgado, de pelo oscuro ondulado y tez mate. Vest\u00eda al estilo rom\u00e1ntico, entero de negro, con corbata de lazo y sombrero de calanez. Santiv\u00e1n escribi\u00f3, \u201cA pesar de su juventud, la renegrida barba le daban un aire majestuoso y patriarcal, pero, bien pronto la corbata flotante y el flexible chambergo bastaban para insinuar un imperceptible santo y se\u00f1a de despreocupaci\u00f3n y de camarader\u00eda. Emanaban de su persona elasticidad, y fuerza, atemperadas por un vaho de somnolencia felina que lo envolv\u00eda en sobria distinci\u00f3n y elegancia\u2026 . Pocas veces \u2013 agrega Santiv\u00e1n \u2013 hemos encontrado en la vida, persona que reuniera, como Magallanes, tanta armon\u00eda entre su obra art\u00edstica y la severa gracia de su estampa\u2026\u201d.<\/p><p>Asentado ya en su hogar en esta ciudad, en los a\u00f1os venideros, Magallanes conjuga su vida en raz\u00f3n de las letras \u2013 poes\u00eda, periodismo, cr\u00edtica, teatro \u2013 de las artes \u2013 dibujo y pintura \u2013 y de la Pol\u00edtica, campo en que alcanza el cargo de regidor y alcalde del, en ese entonces, pueblo de San Bernardo.<\/p><p>Un a\u00f1o antes de su matrimonio, en 1902, publica su primer libro de poemas. Su t\u00edtulo: \u201cFACETAS\u201d<\/p><p>A Facetas siguen MATICES, que prologa Isaias Gamboa, libro del que la cr\u00edtica dir\u00eda \u201cEn Magallanes encontramos la dualidad pecaminosa del poeta y del pintor sin rumbos definidos, extraordinario\u201d. Despu\u00e9s LA JORNADA. En ella,\u201cvemos que estamos frente a un poeta de coraz\u00f3n y de esp\u00edritu selecto\u201d, dir\u00eda tambi\u00e9n la cr\u00edtica.<\/p><p>Eduardo Poirier escribir\u00eda en 1924, \u201cEs un artista delicado y elegante, un orfebre de la poes\u00eda, a la cual consagra los m\u00e1s nobles arrebatos del esp\u00edritu\u201d. Y Raul Silva Castro, \u201cDe \u00e9l lo esper\u00e1bamos todo. Tanto lo admir\u00e1bamos, de tanto lo cre\u00edan capaz, que su palabra no pod\u00eda ser ya una sorpresa para nosotros\u2026\u201d.<\/p><p>Magallanes, tambi\u00e9n incursiona en la pintura y sus ganas podemos conocerlas por \u00e9l mismo en una carta enviada a su esposa el 9 de septiembre de 1917; precioso documento de su ternura y del equilibrio de sus potencias de artista:<\/p><p>\u201cSi me preguntas que deseas, te dir\u00eda: un pedazo de tierra en estas serran\u00edas, una casita o un rancho que nos guardara a los tres, pluma, papel, pinceles, pintura, telas, y nada m\u00e1s.\u201d<\/p><p>Ra\u00fal Silva Castro se\u00f1ala: \u201cSus a\u00f1os finales los pas\u00f3 en San Bernardo, en un refugio que la permit\u00eda satisfacer las dos grandes pasiones de su existencia: la poes\u00eda y la pintura.\u201d.<\/p><p>A este respecto, la cr\u00edtica comenta. \u201cEl artista Magallanes rebasa los moldes. Como pintor, algo que pocos saben, inicia vista a\u00e9rea de nuestro paisaje. Pinta la cordillera como si la sobrevolara. La intuye en su grandeza y su coloraci\u00f3n bajo el crep\u00fasculo, como si realmente la hubiera visto desde arriba\u2026 sus dimensiones pict\u00f3ricas nos lo asocian a su compa\u00f1ero y amigo de excursiones, nada menos que a Juan Francisco Gonz\u00e1lez\u201d.<\/p><p>En 1907 ya figura en las actas municipales como Regidor y Secretario de pluma de la Ilu. Mun. de San Bernardo, de la cual lleg\u00f3 a ser su tercer Alcalde. En un acta de ese mismo a\u00f1o aparece estampada su pugna con la Compa\u00f1\u00eda de Electricidad por mejorar las redes el\u00e9ctricas de la ciudad.<\/p><p>Durante su alcald\u00eda fue activo precursor de la forestaci\u00f3n y del avance urbano.<\/p><p>Paralelo a esto, junto al escritor Augusto Goemine Thomson, m\u00e1s conocido por Augusto D\u2019Halmar, funda entre 1906 y 1907 la Colonia Tolstoiana. En efecto, aprovechando un terreno cedido por la se\u00f1ora Amalia de Magallanes, ubicado en el sector sur de la ciudad, un grupo de so\u00f1adores, fuertemente influenciados por el idealista ruso, inician una vida espiritual en contacto \u00edntimo con la naturaleza, apartados del mundanal ruido y de los bienes materiales.<\/p><p>Amalia habr\u00eda dicho, \u201cLa colonia deber\u00e1 fundarse aqu\u00ed, en San Bernardo; ya hemos decidido con Manuel entregarles un terrenito para que inicien su ensayo.\u201d. Sin embargo, el proyecto fracasa por la partida de D\u2019Halmar que es nombrado Consul de Chile en la India. El resto de los integrantes se dispersan, pues los principios del Conde Loen Tolstoi les resultaban impracticables.<\/p><p>1914, a\u00f1o de inicio de la gran guerra, lo sorprende presidiendo la hist\u00f3rica Sociedad de Artistas y Escritores de Chile, instituci\u00f3n que, bajo su mando, patrocina y organiza los primeros Juegos Florales de Santiago. Ten\u00eda en esa fecha 36 a\u00f1os.<\/p><p>Este evento era considerado el de mayor relieve y jerarqu\u00eda internacional de los celebrados en Chile y el premio mayor \u2013 La Flor Natural \u2013 lo recibi\u00f3 la profesora Lucila Godoy Alcayaga por sus \u201cSonetos de la Muerte\u201d, bajo el seud\u00f3nimo de \u201cGabriela Mistral\u201d.<\/p><p>Corre el a\u00f1o 1916. Magallanes publica su colecci\u00f3n de cuentos, \u201c\u00bfQUE ES EL AMOR?\u201d. Una dolencia pulmonar lo obliga a frecuentar su casa de el Melocot\u00f3n. All\u00ed escribe y pinta. Tambi\u00e9n lo hace en Cartagena.<\/p><p>Por otra parte, Manuel fue tambi\u00e9n fundador del \u201cGRUPO DE LOS DIEZ\u201d, uno de los elementos art\u00edsticos que mayor influencia ha ejercido dentro de nuestra cultura y que, seg\u00fan Adolfo Iba\u00f1ez, \u201cEra una alianza espont\u00e1nea de mutua exaltaci\u00f3n.\u201d.<\/p><p>Pedro Prado es tambi\u00e9n qui\u00e9n fundamenta la filosof\u00eda del grupo en un trabajo llamado \u201cSOMERA INICIACION DE JELSE\u201d.<\/p><p>Buscan, a trav\u00e9s de todos los actos humanos, el secreto de la sociedad ideal, el precioso \u201cBien Perdido\u201d y sus maravillosas profec\u00edas, que ellos presienten y vislumbran en todos los \u00e1mbitos del universo. La siguiente cita de Prado nos dar\u00e1<\/p><p>una idea de su significado y de sus posibles ra\u00edces. Dice Prado \u201cLos Diez no forman ni una secta ni una instituci\u00f3n, ni una sociedad. Carecen de disposiciones establecidas y no pretenden otra cosa que cultivar el arte con libertad natural. Los Diez deben obedecer ciegamente al Hermano Mayor. Lo que \u00e9l diga se har\u00e1; pero no hay temor de que diga cosa alguna, porque no se sabe qui\u00e9n es el Hermano Mayor y cada uno puede y debe creer que lo es.\u201d.<\/p><p>Hoy d\u00eda solo queda una casona roja en santa Rosa esquina Tarapac\u00e1. Se llam\u00f3 \u201cLA CASA DE LOS DIEZ\u201d. La puerta de entrada principal, que da a Santa Rosa, a\u00fan tiene en un dintel de piedra la \u201cX\u201d de los Diez. Ten\u00eda 38 a\u00f1os.<\/p><p>Aproximadamente tres a\u00f1os antes, la Francmasoner\u00eda despierta su curiosidad filos\u00f3fica y es as\u00ed que en enero de 1914 golpea desordenadamente las puertas del templo y recibe la luz mas\u00f3nica en Santiago. Comienza de esta manera el peregrinaje por un sendero diferente a los anteriores, no sin dificultades, pero con la fuerza y el vigor de los verdaderos iniciados.<\/p><p>El 30 de marzo es acogido en la masoner\u00eda San Bernardina donde contribuye activamente desde su cargo municipal. Se sabe que mucho deben a su empuje silencioso y constante y a su gran sensibilidad social, diversas instituciones locales como la Primera Compa\u00f1\u00eda de Bomberos, la Liga Protectora de Estudiantes, Asociaciones Obreras, etc.<\/p><p>Un d\u00eda, 19 de enero de 1924, hab\u00eda viajado desde el, en ese entonces, pueblo de San Bernardo, hasta Santiago, invitado por la familia Vald\u00e9s Alfonso para que, en compa\u00f1\u00eda de su primo, el se\u00f1or Alberto Ried, visitara la labor escult\u00f3rica del artista Totila Albert. El poeta Magallanes, que era un culto cr\u00edtico de arte, acept\u00f3 gustoso la invitaci\u00f3n y a medio d\u00eda, sali\u00f3 de San Bernardo.<\/p><p>Como de costumbre, el poeta Magallanes Moure se dirigi\u00f3 a la casa de su primo y amigo muy estimado, don Waldo Vila Silva, que viv\u00eda en Cienfuegos 162.<\/p><p>Al llegar dijo a su primo que al bajarse del tranv\u00eda que lo trajo de San Bernardo, hab\u00eda debido correr para alcanzar el nuevo tranv\u00eda que deb\u00eda conducirlo a la casa del se\u00f1or Vila.<\/p><p>El esfuerzo le hab\u00eda producido una gran fatiga y con el tranv\u00eda abierto, un fr\u00edo intenso lo hac\u00eda temblar. Inmediatamente el se\u00f1or Vila, que not\u00f3 la intensa palidez del poeta, trat\u00f3 de tonificarlo con adrenalina, lo que pronto trajo una saludable reacci\u00f3n. Pero esto fue algo moment\u00e1neo y su major\u00eda empez\u00f3 a declinar. El poeta comenz\u00f3 a sentir un fr\u00edo cada vez mayor y diciendo en voz baja, cada momento del proceso que segu\u00eda a su muerte, se extingui\u00f3 su vida en la mayor serenidad, y se qued\u00f3 dormido con el sue\u00f1o que acentuaba la natural placidez de su rostro.<\/p><p>Ten\u00eda 46 a\u00f1os\u2026 Cay\u00f3 doblado de golpe por el destino implacable. Cont\u00e1ndose \u00e9l mismo los segundos de ese \u201cknock out\u201d supremo del que no volver\u00eda a levantarse. Tuvo la muerte repentina que preconizaba Cesar como la m\u00e1s hermosa. No pod\u00eda tener otra este hombre que en su vida y en sus hermosos versos mostr\u00f3 la sabidur\u00eda y la Belleza como las grandes directivas de su esp\u00edritu superior.<\/p><p>La gente de hoy casi no lo conoce. Pocos son los que tienen o leyeron \u201cLA JORNADA\u201d o \u201cLA CASA JUNTO AL MAR\u201d. El mismo no fue un gran albacea de sus versos: Los derram\u00f3 en la prensa, incluso con seud\u00f3nimo. Sus poes\u00edas llenaron muchos momentos de la vida escolar del pasado. Era le\u00eddo y recitado en la escuela primaria y tambi\u00e9n en los liceos. Despu\u00e9s arrasar\u00edan con esa preferencia Gabriela Mistral y Pablo Neruda.<\/p><p>Para terminar he querido traerles unas palabras escritas por nuestro querido amigo Moises Recabarren Araneda el a\u00f1o 1988.<\/p><p>Escribi\u00f3 nuestro amigo: \u201d\u2026por ese extra\u00f1o hechizo que emana de los esp\u00edritus de selecci\u00f3n, un 19 de enero de hace unos dos a\u00f1os (1986), me detuve en la plaza de San Bernardo y observando la escultura hecha por Galvarino Ponce, le habl\u00e9 a Magallanes, como si ah\u00ed, en las piedras estuviera \u00e9l. Es lo que est\u00e1 dicho en esta eleg\u00eda, escrita sin t\u00e9cnica ni destreza l\u00edricas, pero con la autenticidad y el conocimiento que suele obtenerse mediante esos fugaces y sorprendentes encuentros con la eternidad.<\/p>\t\t\t\t\t\t\t\t<\/div>\n\t\t\t\t<\/div>\n\t\t\t\t\t<\/div>\n\t\t<\/div>\n\t\t\t\t\t<\/div>\n\t\t<\/section>\n\t\t\t\t<section class=\"elementor-section elementor-top-section elementor-element elementor-element-f24ea11 elementor-section-boxed elementor-section-height-default elementor-section-height-default\" data-id=\"f24ea11\" data-element_type=\"section\" data-e-type=\"section\">\n\t\t\t\t\t\t<div class=\"elementor-container elementor-column-gap-default\">\n\t\t\t\t\t<div class=\"elementor-column elementor-col-100 elementor-top-column elementor-element elementor-element-0d70835\" data-id=\"0d70835\" data-element_type=\"column\" data-e-type=\"column\">\n\t\t\t<div class=\"elementor-widget-wrap elementor-element-populated\">\n\t\t\t\t\t\t<div class=\"elementor-element elementor-element-56add06 elementor-widget elementor-widget-text-editor\" data-id=\"56add06\" data-element_type=\"widget\" data-e-type=\"widget\" data-widget_type=\"text-editor.default\">\n\t\t\t\t<div class=\"elementor-widget-container\">\n\t\t\t\t\t\t\t\t\t<p style=\"text-align: center;\">El origen de tu partida fue inequ\u00edvoco,<\/p><p style=\"text-align: center;\">Querido hermano Manuel.<\/p><p style=\"text-align: center;\">Eras solo un gran coraz\u00f3n,<\/p><p style=\"text-align: center;\">un enorme m\u00fasculo nost\u00e1lgico<\/p><p style=\"text-align: center;\">Estriado de versos tristes<\/p><p style=\"text-align: center;\">en el contorno de la herida cruel.<\/p><p style=\"text-align: center;\">Caminaste un sendero fascinante<\/p><p style=\"text-align: center;\">alfombrado de cardos enmara\u00f1ados<\/p><p style=\"text-align: center;\">y de regidores pr\u00f3speros,<\/p><p style=\"text-align: center;\">de juegos florales,<\/p><p style=\"text-align: center;\">de bomberos rojos<\/p><p style=\"text-align: center;\">Y de rostros y manos amantes.<\/p><p style=\"text-align: center;\">Tu casa solariega<\/p><p style=\"text-align: center;\">entreteje las ventanas<\/p><p style=\"text-align: center;\">con jazm\u00edn oloroso,<\/p><p style=\"text-align: center;\">acallando los ojos<\/p><p style=\"text-align: center;\">De la prima que espera;<\/p><p style=\"text-align: center;\">Mientras all\u00e1 lejos,<\/p><p style=\"text-align: center;\">el horizonte artificial<\/p><p style=\"text-align: center;\">gira sin sentido dentro de tu pecho,<\/p><p style=\"text-align: center;\">roto por las dentelladas<\/p><p style=\"text-align: center;\">de las alcobas sombr\u00edas<\/p><p style=\"text-align: center;\">y de los tranv\u00edas el\u00e9ctricos.<\/p><p style=\"text-align: center;\">\u00bfQui\u00e9nes fueron los culpables?<\/p><p style=\"text-align: center;\">\u00bfqu\u00e9 orugas venenosas<\/p><p style=\"text-align: center;\">picaron tus entra\u00f1as impalpables<\/p><p style=\"text-align: center;\">antes de huir como mariposas fugases?<\/p><p style=\"text-align: center;\">Acaso tu maestro constructor<\/p><p style=\"text-align: center;\">haya querido acogerte<\/p><p style=\"text-align: center;\">en la sombra crepuscular<\/p><p style=\"text-align: center;\">que proyectan las columnas truncadas.<\/p><p style=\"text-align: center;\">y los libros silenciosos.<\/p><p style=\"text-align: center;\">O acaso quiso cegarte con la Gran Luz<\/p><p style=\"text-align: center;\">que surge tras las monta\u00f1as c\u00fabicas,<\/p><p style=\"text-align: center;\">decoradas de altares solitarios.<\/p><p style=\"text-align: center;\">\u2026<\/p><p style=\"text-align: center;\">En este momento<\/p><p style=\"text-align: center;\">como un rel\u00e1mpago<\/p><p style=\"text-align: center;\">en la inquietante sombra<\/p><p style=\"text-align: center;\">del espacio-tiempo,<\/p><p style=\"text-align: center;\">tus hermanos te llaman y te lloran,<\/p><p style=\"text-align: center;\">unidos en una invisible actitud triangular<\/p><p style=\"text-align: center;\">que entrelaza las mentes<\/p><p style=\"text-align: center;\">como un dardo fraternal<\/p><p style=\"text-align: center;\">doloroso y tenue,<\/p><p style=\"text-align: center;\">misterioso y entendible<\/p><p style=\"text-align: center;\">Desde aqu\u00ed,<\/p><p style=\"text-align: center;\">desde este mundo visceral,<\/p><p style=\"text-align: center;\">desamos que las ignotas regiones<\/p><p style=\"text-align: center;\">que hoy habitas te haya acogido<\/p><p style=\"text-align: center;\">serenamente en su abismo astral,<\/p><p style=\"text-align: center;\">luminoso y sin fin.<\/p>\t\t\t\t\t\t\t\t<\/div>\n\t\t\t\t<\/div>\n\t\t\t\t\t<\/div>\n\t\t<\/div>\n\t\t\t\t\t<\/div>\n\t\t<\/section>\n\t\t\t\t<\/div>\n\t\t","protected":false},"excerpt":{"rendered":"<p>Nace Manuel en la ciudad de la serena el 8 de noviembre de 1878. Es el menor de los hijos de don Valent\u00edn Magallanes y de do\u00f1a Elena Moure. Recibe el nombre de Manuel Severo y hasta los siete a\u00f1os &hellip; <a href=\"https:\/\/ccmmm.cl\/centroculturalmanuelmagallanesmoure\/biografia-manuel-magallanes-moure\/\">Sigue leyendo <span class=\"meta-nav\">&rarr;<\/span><\/a><\/p>\n","protected":false},"author":3,"featured_media":0,"parent":0,"menu_order":0,"comment_status":"closed","ping_status":"closed","template":"","meta":{"footnotes":""},"class_list":["post-148","page","type-page","status-publish","hentry"],"_links":{"self":[{"href":"https:\/\/ccmmm.cl\/centroculturalmanuelmagallanesmoure\/wp-json\/wp\/v2\/pages\/148","targetHints":{"allow":["GET"]}}],"collection":[{"href":"https:\/\/ccmmm.cl\/centroculturalmanuelmagallanesmoure\/wp-json\/wp\/v2\/pages"}],"about":[{"href":"https:\/\/ccmmm.cl\/centroculturalmanuelmagallanesmoure\/wp-json\/wp\/v2\/types\/page"}],"author":[{"embeddable":true,"href":"https:\/\/ccmmm.cl\/centroculturalmanuelmagallanesmoure\/wp-json\/wp\/v2\/users\/3"}],"replies":[{"embeddable":true,"href":"https:\/\/ccmmm.cl\/centroculturalmanuelmagallanesmoure\/wp-json\/wp\/v2\/comments?post=148"}],"version-history":[{"count":19,"href":"https:\/\/ccmmm.cl\/centroculturalmanuelmagallanesmoure\/wp-json\/wp\/v2\/pages\/148\/revisions"}],"predecessor-version":[{"id":171,"href":"https:\/\/ccmmm.cl\/centroculturalmanuelmagallanesmoure\/wp-json\/wp\/v2\/pages\/148\/revisions\/171"}],"wp:attachment":[{"href":"https:\/\/ccmmm.cl\/centroculturalmanuelmagallanesmoure\/wp-json\/wp\/v2\/media?parent=148"}],"curies":[{"name":"wp","href":"https:\/\/api.w.org\/{rel}","templated":true}]}}